{"id":357,"date":"2020-06-16T08:29:23","date_gmt":"2020-06-16T05:29:23","guid":{"rendered":"http:\/\/www.vipcruise.info\/?page_id=357"},"modified":"2020-06-16T08:35:14","modified_gmt":"2020-06-16T05:35:14","slug":"privacy-policy","status":"publish","type":"page","link":"https:\/\/www.vipcruise.info\/en\/privacy-policy\/","title":{"rendered":"Privacy Policy"},"content":{"rendered":"<div class=\"entry-content\">\n<h1>Henkil\u00f6tietolain (523\/99) 10 \u00a7:n mukainen tietosuojaseloste.<\/h1>\n<h2>1. Rekisterinpit\u00e4j\u00e4<\/h2>\n<p><strong>Vip Cruise &#8211; LP Management Oy<\/strong><br \/>\nTienpolvi 8<br \/>\n57710 Savonlinna<br \/>\ny-tunnus 2271317-5<\/p>\n<h2>2. Rekisteriasioita hoitava henkil\u00f6<\/h2>\n<p>Janne Leinonen<br \/>\njanne.leinonen@vipcruise.info<\/p>\n<h2>3. Rekisterin nimi<\/h2>\n<p>Asiakasrekisteri<\/p>\n<h2>4. Rekisterin k\u00e4ytt\u00f6tarkoitus<\/h2>\n<p>Lomakkeella l\u00e4hetyt viestit sek\u00e4 annetut yhteystiedot tallennetaan tietokantaan viesteihin vastaamista varten. Rekisteritietoja k\u00e4sitell\u00e4\u00e4n markkinointiin, asiakassuhteiden yll\u00e4pitoon ja kehitt\u00e4miseen liittyen. Asiakkaalla on oikeus kielt\u00e4\u00e4 tietojen k\u00e4ytt\u00e4minen ilmoittamalla siit\u00e4 Vip Cruise &#8211; LP Management Oy:lle.<\/p>\n<h2>5. Rekisterin sis\u00e4lt\u00e4m\u00e4t tiedot<\/h2>\n<ul>\n<li>Nimi<\/li>\n<li>S\u00e4hk\u00f6postiosoite<\/li>\n<li>Viesti<\/li>\n<li>Muut lomakkeella l\u00e4hetyt tiedot<\/li>\n<\/ul>\n<h2>6. Rekisterin s\u00e4\u00e4nn\u00f6nmukaiset tietol\u00e4hteet<\/h2>\n<p>Rekisteriin ker\u00e4t\u00e4\u00e4n tietoja yhteydenottolomakkeen sek\u00e4 tarjouspyynt\u00f6lomakkeen kautta.<\/p>\n<h2>7. Tietojen luovutus<\/h2>\n<p>Vip Cruise &#8211; LP Management Oy voi luovuttaa asiakastietoja voimassa olevan lains\u00e4\u00e4d\u00e4nn\u00f6n sallimissa ja velvoittamissa rajoissa.<\/p>\n<h2>8. Rekisterin suojauksen periaate<\/h2>\n<p>Rekisterin pit\u00e4j\u00e4n tietoj\u00e4rjestelm\u00e4 on suojattu\u00a0yritystoiminnassa normaalisti k\u00e4yt\u00f6ss\u00e4 olevilla teknisill\u00e4 suojausmenetelmill\u00e4. Rekisterin k\u00e4ytt\u00f6oikeus edellytt\u00e4\u00e4 henkil\u00f6kohtaista k\u00e4ytt\u00e4j\u00e4tunnusta ja salasanaa jotka my\u00f6nnet\u00e4\u00e4n vain rekisterin pit\u00e4j\u00e4n henkil\u00f6kuntaan kuuluvalle, jonka asemaan ja teht\u00e4viin mainittu k\u00e4ytt\u00f6oikeus liittyy.<\/p>\n<\/div>\n","protected":false},"excerpt":{"rendered":"<p>Henkil\u00f6tietolain (523\/99) 10 \u00a7:n mukainen tietosuojaseloste. 1. Rekisterinpit\u00e4j\u00e4 Vip Cruise &#8211; LP Management Oy Tienpolvi 8 57710 Savonlinna y-tunnus 2271317-5 2. Rekisteriasioita hoitava&#8230;<\/p>\n","protected":false},"author":2,"featured_media":0,"parent":0,"menu_order":0,"comment_status":"closed","ping_status":"open","template":"template-page-thin-content.php","meta":{"footnotes":""},"class_list":["post-357","page","type-page","status-publish","hentry"],"yoast_head":"<!-- This site is optimized with the Yoast SEO plugin v27.5 - https:\/\/yoast.com\/product\/yoast-seo-wordpress\/ -->\n<title>Privacy Policy - VIP Cruise<\/title>\n<meta name=\"robots\" content=\"index, follow, max-snippet:-1, max-image-preview:large, max-video-preview:-1\" \/>\n<link rel=\"canonical\" href=\"https:\/\/www.vipcruise.info\/en\/privacy-policy\/\" \/>\n<meta property=\"og:locale\" content=\"en_US\" \/>\n<meta property=\"og:type\" content=\"article\" \/>\n<meta property=\"og:title\" content=\"Privacy Policy - VIP Cruise\" \/>\n<meta property=\"og:description\" content=\"Henkil\u00f6tietolain (523\/99) 10 \u00a7:n mukainen tietosuojaseloste. 1. Rekisterinpit\u00e4j\u00e4 Vip Cruise &#8211; LP Management Oy Tienpolvi 8 57710 Savonlinna y-tunnus 2271317-5 2. Rekisteriasioita hoitava...\" \/>\n<meta property=\"og:url\" content=\"https:\/\/www.vipcruise.info\/en\/privacy-policy\/\" \/>\n<meta property=\"og:site_name\" content=\"VIP Cruise\" \/>\n<meta property=\"article:publisher\" content=\"https:\/\/www.facebook.com\/vipcruisesavonlinna\" \/>\n<meta property=\"article:modified_time\" content=\"2020-06-16T05:35:14+00:00\" \/>\n<meta property=\"og:image\" content=\"https:\/\/www.vipcruise.info\/wp-content\/uploads\/2020\/06\/laivat-1920x1037-1.jpg\" \/>\n\t<meta property=\"og:image:width\" content=\"1920\" \/>\n\t<meta property=\"og:image:height\" content=\"1037\" \/>\n\t<meta property=\"og:image:type\" content=\"image\/jpeg\" \/>\n<meta name=\"twitter:card\" content=\"summary_large_image\" \/>\n<meta name=\"twitter:label1\" content=\"Est. reading time\" \/>\n\t<meta name=\"twitter:data1\" content=\"1 minute\" \/>\n<script type=\"application\/ld+json\" class=\"yoast-schema-graph\">{\"@context\":\"https:\\\/\\\/schema.org\",\"@graph\":[{\"@type\":\"WebPage\",\"@id\":\"https:\\\/\\\/www.vipcruise.info\\\/en\\\/privacy-policy\\\/\",\"url\":\"https:\\\/\\\/www.vipcruise.info\\\/en\\\/privacy-policy\\\/\",\"name\":\"Privacy Policy - VIP Cruise\",\"isPartOf\":{\"@id\":\"https:\\\/\\\/www.vipcruise.info\\\/#website\"},\"datePublished\":\"2020-06-16T05:29:23+00:00\",\"dateModified\":\"2020-06-16T05:35:14+00:00\",\"breadcrumb\":{\"@id\":\"https:\\\/\\\/www.vipcruise.info\\\/en\\\/privacy-policy\\\/#breadcrumb\"},\"inLanguage\":\"en-US\",\"potentialAction\":[{\"@type\":\"ReadAction\",\"target\":[\"https:\\\/\\\/www.vipcruise.info\\\/en\\\/privacy-policy\\\/\"]}]},{\"@type\":\"BreadcrumbList\",\"@id\":\"https:\\\/\\\/www.vipcruise.info\\\/en\\\/privacy-policy\\\/#breadcrumb\",\"itemListElement\":[{\"@type\":\"ListItem\",\"position\":1,\"name\":\"Home\",\"item\":\"https:\\\/\\\/www.vipcruise.info\\\/en\\\/\"},{\"@type\":\"ListItem\",\"position\":2,\"name\":\"Privacy Policy\"}]},{\"@type\":\"WebSite\",\"@id\":\"https:\\\/\\\/www.vipcruise.info\\\/#website\",\"url\":\"https:\\\/\\\/www.vipcruise.info\\\/\",\"name\":\"VIP Cruise\",\"description\":\"Vip Cruise vie Saimaalle\",\"publisher\":{\"@id\":\"https:\\\/\\\/www.vipcruise.info\\\/#organization\"},\"potentialAction\":[{\"@type\":\"SearchAction\",\"target\":{\"@type\":\"EntryPoint\",\"urlTemplate\":\"https:\\\/\\\/www.vipcruise.info\\\/?s={search_term_string}\"},\"query-input\":{\"@type\":\"PropertyValueSpecification\",\"valueRequired\":true,\"valueName\":\"search_term_string\"}}],\"inLanguage\":\"en-US\"},{\"@type\":\"Organization\",\"@id\":\"https:\\\/\\\/www.vipcruise.info\\\/#organization\",\"name\":\"Vip Cruise\",\"url\":\"https:\\\/\\\/www.vipcruise.info\\\/\",\"logo\":{\"@type\":\"ImageObject\",\"inLanguage\":\"en-US\",\"@id\":\"https:\\\/\\\/www.vipcruise.info\\\/#\\\/schema\\\/logo\\\/image\\\/\",\"url\":\"https:\\\/\\\/www.vipcruise.info\\\/wp-content\\\/uploads\\\/2020\\\/06\\\/logo.png\",\"contentUrl\":\"https:\\\/\\\/www.vipcruise.info\\\/wp-content\\\/uploads\\\/2020\\\/06\\\/logo.png\",\"width\":1415,\"height\":1180,\"caption\":\"Vip Cruise\"},\"image\":{\"@id\":\"https:\\\/\\\/www.vipcruise.info\\\/#\\\/schema\\\/logo\\\/image\\\/\"},\"sameAs\":[\"https:\\\/\\\/www.facebook.com\\\/vipcruisesavonlinna\"]}]}<\/script>\n<!-- \/ Yoast SEO plugin. -->","yoast_head_json":{"title":"Privacy Policy - VIP Cruise","robots":{"index":"index","follow":"follow","max-snippet":"max-snippet:-1","max-image-preview":"max-image-preview:large","max-video-preview":"max-video-preview:-1"},"canonical":"https:\/\/www.vipcruise.info\/en\/privacy-policy\/","og_locale":"en_US","og_type":"article","og_title":"Privacy Policy - VIP Cruise","og_description":"Henkil\u00f6tietolain (523\/99) 10 \u00a7:n mukainen tietosuojaseloste. 1. Rekisterinpit\u00e4j\u00e4 Vip Cruise &#8211; LP Management Oy Tienpolvi 8 57710 Savonlinna y-tunnus 2271317-5 2. Rekisteriasioita hoitava...","og_url":"https:\/\/www.vipcruise.info\/en\/privacy-policy\/","og_site_name":"VIP Cruise","article_publisher":"https:\/\/www.facebook.com\/vipcruisesavonlinna","article_modified_time":"2020-06-16T05:35:14+00:00","og_image":[{"width":1920,"height":1037,"url":"https:\/\/www.vipcruise.info\/wp-content\/uploads\/2020\/06\/laivat-1920x1037-1.jpg","type":"image\/jpeg"}],"twitter_card":"summary_large_image","twitter_misc":{"Est. reading time":"1 minute"},"schema":{"@context":"https:\/\/schema.org","@graph":[{"@type":"WebPage","@id":"https:\/\/www.vipcruise.info\/en\/privacy-policy\/","url":"https:\/\/www.vipcruise.info\/en\/privacy-policy\/","name":"Privacy Policy - VIP Cruise","isPartOf":{"@id":"https:\/\/www.vipcruise.info\/#website"},"datePublished":"2020-06-16T05:29:23+00:00","dateModified":"2020-06-16T05:35:14+00:00","breadcrumb":{"@id":"https:\/\/www.vipcruise.info\/en\/privacy-policy\/#breadcrumb"},"inLanguage":"en-US","potentialAction":[{"@type":"ReadAction","target":["https:\/\/www.vipcruise.info\/en\/privacy-policy\/"]}]},{"@type":"BreadcrumbList","@id":"https:\/\/www.vipcruise.info\/en\/privacy-policy\/#breadcrumb","itemListElement":[{"@type":"ListItem","position":1,"name":"Home","item":"https:\/\/www.vipcruise.info\/en\/"},{"@type":"ListItem","position":2,"name":"Privacy Policy"}]},{"@type":"WebSite","@id":"https:\/\/www.vipcruise.info\/#website","url":"https:\/\/www.vipcruise.info\/","name":"VIP Cruise","description":"Vip Cruise vie Saimaalle","publisher":{"@id":"https:\/\/www.vipcruise.info\/#organization"},"potentialAction":[{"@type":"SearchAction","target":{"@type":"EntryPoint","urlTemplate":"https:\/\/www.vipcruise.info\/?s={search_term_string}"},"query-input":{"@type":"PropertyValueSpecification","valueRequired":true,"valueName":"search_term_string"}}],"inLanguage":"en-US"},{"@type":"Organization","@id":"https:\/\/www.vipcruise.info\/#organization","name":"Vip Cruise","url":"https:\/\/www.vipcruise.info\/","logo":{"@type":"ImageObject","inLanguage":"en-US","@id":"https:\/\/www.vipcruise.info\/#\/schema\/logo\/image\/","url":"https:\/\/www.vipcruise.info\/wp-content\/uploads\/2020\/06\/logo.png","contentUrl":"https:\/\/www.vipcruise.info\/wp-content\/uploads\/2020\/06\/logo.png","width":1415,"height":1180,"caption":"Vip Cruise"},"image":{"@id":"https:\/\/www.vipcruise.info\/#\/schema\/logo\/image\/"},"sameAs":["https:\/\/www.facebook.com\/vipcruisesavonlinna"]}]}},"_links":{"self":[{"href":"https:\/\/www.vipcruise.info\/en\/wp-json\/wp\/v2\/pages\/357","targetHints":{"allow":["GET"]}}],"collection":[{"href":"https:\/\/www.vipcruise.info\/en\/wp-json\/wp\/v2\/pages"}],"about":[{"href":"https:\/\/www.vipcruise.info\/en\/wp-json\/wp\/v2\/types\/page"}],"author":[{"embeddable":true,"href":"https:\/\/www.vipcruise.info\/en\/wp-json\/wp\/v2\/users\/2"}],"replies":[{"embeddable":true,"href":"https:\/\/www.vipcruise.info\/en\/wp-json\/wp\/v2\/comments?post=357"}],"version-history":[{"count":3,"href":"https:\/\/www.vipcruise.info\/en\/wp-json\/wp\/v2\/pages\/357\/revisions"}],"predecessor-version":[{"id":360,"href":"https:\/\/www.vipcruise.info\/en\/wp-json\/wp\/v2\/pages\/357\/revisions\/360"}],"wp:attachment":[{"href":"https:\/\/www.vipcruise.info\/en\/wp-json\/wp\/v2\/media?parent=357"}],"curies":[{"name":"wp","href":"https:\/\/api.w.org\/{rel}","templated":true}]}}