{"id":282,"date":"2020-06-15T15:46:30","date_gmt":"2020-06-15T12:46:30","guid":{"rendered":"http:\/\/www.vipcruise.info\/?page_id=282"},"modified":"2020-06-16T08:48:38","modified_gmt":"2020-06-16T05:48:38","slug":"contact-us","status":"publish","type":"page","link":"https:\/\/www.vipcruise.info\/en\/contact-us\/","title":{"rendered":"Contact Us"},"content":{"rendered":"<div id=\"pl-282\"  class=\"panel-layout\" ><div id=\"pg-282-0\"  class=\"panel-grid panel-no-style\" ><div id=\"pgc-282-0-0\"  class=\"panel-grid-cell\" ><div id=\"panel-282-0-0-0\" class=\"so-panel widget widget_sow-editor panel-first-child panel-last-child\" data-index=\"0\" ><div\n\t\t\t\n\t\t\tclass=\"so-widget-sow-editor so-widget-sow-editor-base\"\n\t\t\t\n\t\t>\n<div class=\"siteorigin-widget-tinymce textwidget\">\n\t<div class=\"content-left\">\n<h1 class=\"bottom-image\" style=\"text-align: center;\">Contact Us<\/h1>\n<div class=\"oSioSc\">\n<div id=\"tw-target\">\n<div id=\"kAz1tf\" class=\"g9WsWb\">\n<div id=\"tw-target-text-container\" class=\"tw-ta-container hide-focus-ring tw-nfl\" tabindex=\"0\">\n<p id=\"tw-target-text\" class=\"tw-data-text tw-text-large XcVN5d tw-ta lead\" dir=\"ltr\" data-placeholder=\"K\u00e4\u00e4nn\u00f6s\"><span lang=\"en\">Inquiries and reservations related to order cruises and\u00a0 customization.<\/span><\/p>\n<\/div>\n<\/div>\n<\/div>\n<\/div>\n<\/div>\n<div class=\"content-right\">\n<p style=\"text-align: center;\">Director, Captain<strong><br \/>\nJanne Leinonen<\/strong><br \/>\n+358 50 368 2287<br \/>\njanne.leinonen@vipcruise.info<\/p>\n<p style=\"text-align: center;\"><strong>Oy Vip Cruise Ltd - LP Management Oy<\/strong><br \/>\nTienpolvi 8<br \/>\n57710 Savonlinna<br \/>\nFINLAND<\/p>\n<div class=\"oSioSc\">\n<div id=\"tw-target\">\n<div id=\"kAz1tf\" class=\"g9WsWb\">\n<div id=\"tw-target-text-container\" class=\"tw-ta-container hide-focus-ring tw-nfl\" tabindex=\"0\">\n<p id=\"tw-target-text\" class=\"tw-data-text tw-text-large XcVN5d tw-ta\" dir=\"ltr\" style=\"text-align: center;\" data-placeholder=\"K\u00e4\u00e4nn\u00f6s\"><span lang=\"en\">Sightseen cruises, Savonlinna-Punkaharju-Savonlinna route trips and ship accommodation from the online store.<\/span><\/p>\n<p dir=\"ltr\" style=\"text-align: center;\" data-placeholder=\"K\u00e4\u00e4nn\u00f6s\"><a class=\"caption-link\" href=\"https:\/\/www.saimaashop.com\" target=\"_blank\" rel=\"noopener\">SAIMAASHOP.COM<\/a><\/p>\n<\/div>\n<\/div>\n<\/div>\n<\/div>\n<\/div>\n<\/div>\n<\/div><\/div><\/div><\/div><div id=\"pg-282-1\"  class=\"panel-grid panel-no-style\" ><div id=\"pgc-282-1-0\"  class=\"panel-grid-cell\" ><div id=\"panel-282-1-0-0\" class=\"so-panel widget widget_sow-editor panel-first-child panel-last-child\" data-index=\"1\" ><div\n\t\t\t\n\t\t\tclass=\"so-widget-sow-editor so-widget-sow-editor-base\"\n\t\t\t\n\t\t>\n<div class=\"siteorigin-widget-tinymce textwidget\">\n\t<div class=\"content-right\">\n\n<div class=\"wpcf7 no-js\" id=\"wpcf7-f345-o1\" lang=\"fi\" dir=\"ltr\" data-wpcf7-id=\"345\">\n<div class=\"screen-reader-response\"><p role=\"status\" aria-live=\"polite\" aria-atomic=\"true\"><\/p> <ul><\/ul><\/div>\n<form action=\"\/en\/wp-json\/wp\/v2\/pages\/282#wpcf7-f345-o1\" method=\"post\" class=\"wpcf7-form init\" aria-label=\"Yhteydenottolomake\" novalidate=\"novalidate\" data-status=\"init\">\n<fieldset class=\"hidden-fields-container\"><input type=\"hidden\" name=\"_wpcf7\" value=\"345\" \/><input type=\"hidden\" name=\"_wpcf7_version\" value=\"6.1.5\" \/><input type=\"hidden\" name=\"_wpcf7_locale\" value=\"fi\" \/><input type=\"hidden\" name=\"_wpcf7_unit_tag\" value=\"wpcf7-f345-o1\" \/><input type=\"hidden\" name=\"_wpcf7_container_post\" value=\"0\" \/><input type=\"hidden\" name=\"_wpcf7_posted_data_hash\" value=\"\" \/>\n<\/fieldset>\n<h2 class=\"text-center\">Send a contact request<\/h2>\n<p class=\"lead\">Send your contact information, I will call you as soon as possible.<\/p>\n<div class=\"row no-gutters\">\n<div class=\"col-12 col-lg-6\">\n<div class=\"dg-form-element-wrapper\">\n<span class=\"wpcf7-form-control-wrap\" data-name=\"kentta-nimi\"><input size=\"40\" maxlength=\"400\" class=\"wpcf7-form-control wpcf7-text wpcf7-validates-as-required\" aria-required=\"true\" aria-invalid=\"false\" placeholder=\"Name*\" value=\"\" type=\"text\" name=\"kentta-nimi\" \/><\/span>\n<\/div>\n<\/div><!-- \/.col -->\n<div class=\"col-12 col-lg-6\">\n<div class=\"dg-form-element-wrapper\">\n<span class=\"wpcf7-form-control-wrap\" data-name=\"kentta-puhelin\"><input size=\"40\" maxlength=\"400\" class=\"wpcf7-form-control wpcf7-text wpcf7-validates-as-required\" aria-required=\"true\" aria-invalid=\"false\" placeholder=\"Phone number*\" value=\"\" type=\"text\" name=\"kentta-puhelin\" \/><\/span>\n<\/div>\n<\/div><!-- \/.col -->\n\n<div class=\"col-12 mb-2 text-center\">\n<div class=\"dg-form-element-wrapper\">\n<span class=\"wpcf7-form-control-wrap\" data-name=\"acceptance-950\"><span class=\"wpcf7-form-control wpcf7-acceptance\"><span class=\"wpcf7-list-item\"><input type=\"checkbox\" name=\"acceptance-950\" value=\"1\" class=\"mt-4\" aria-invalid=\"false\" \/><\/span><\/span><\/span> By sending you accept our <a href=\"\/en\/privacy-policy\/\" target=\"_blank\">privacy policy<\/a>.\n<\/div>\n<\/div>\n\n<\/div><!-- \/.row -->\n<div class=\"mt-3\">\n<input class=\"wpcf7-form-control wpcf7-submit has-spinner\" type=\"submit\" value=\"Send\" \/>\n<\/div><p style=\"display: none !important;\" class=\"akismet-fields-container\" data-prefix=\"_wpcf7_ak_\"><label>&#916;<textarea name=\"_wpcf7_ak_hp_textarea\" cols=\"45\" rows=\"8\" maxlength=\"100\"><\/textarea><\/label><input type=\"hidden\" id=\"ak_js_1\" name=\"_wpcf7_ak_js\" value=\"132\"\/><script type=\"text\/javascript\">\n\/* <![CDATA[ *\/\ndocument.getElementById( \"ak_js_1\" ).setAttribute( \"value\", ( new Date() ).getTime() );\n\/* ]]> *\/\n<\/script>\n<\/p><div class=\"wpcf7-response-output\" aria-hidden=\"true\"><\/div>\n<\/form>\n<\/div>\n\n<\/div>\n<\/div>\n<\/div><\/div><\/div><\/div><div id=\"pg-282-2\"  class=\"panel-grid panel-no-style\" ><div id=\"pgc-282-2-0\"  class=\"panel-grid-cell\" ><div id=\"panel-282-2-0-0\" class=\"so-panel widget widget_sow-editor panel-first-child panel-last-child\" data-index=\"2\" ><div\n\t\t\t\n\t\t\tclass=\"so-widget-sow-editor so-widget-sow-editor-base\"\n\t\t\t\n\t\t>\n<div class=\"siteorigin-widget-tinymce textwidget\">\n\t<div class=\"content-left\"><\/div>\n\n<div class=\"wpcf7 no-js\" id=\"wpcf7-f343-o2\" lang=\"fi\" dir=\"ltr\" data-wpcf7-id=\"343\">\n<div class=\"screen-reader-response\"><p role=\"status\" aria-live=\"polite\" aria-atomic=\"true\"><\/p> <ul><\/ul><\/div>\n<form action=\"\/en\/wp-json\/wp\/v2\/pages\/282#wpcf7-f343-o2\" method=\"post\" class=\"wpcf7-form init\" aria-label=\"Yhteydenottolomake\" novalidate=\"novalidate\" data-status=\"init\">\n<fieldset class=\"hidden-fields-container\"><input type=\"hidden\" name=\"_wpcf7\" value=\"343\" \/><input type=\"hidden\" name=\"_wpcf7_version\" value=\"6.1.5\" \/><input type=\"hidden\" name=\"_wpcf7_locale\" value=\"fi\" \/><input type=\"hidden\" name=\"_wpcf7_unit_tag\" value=\"wpcf7-f343-o2\" \/><input type=\"hidden\" name=\"_wpcf7_container_post\" value=\"0\" \/><input type=\"hidden\" name=\"_wpcf7_posted_data_hash\" value=\"\" \/>\n<\/fieldset>\n<h2 class=\"text-center\">Leave a request for quotation<\/h2>\n<h3 class=\"h5 text-center\">Personal information<\/h3>\n<div class=\"row no-gutters\">\n<div class=\"col-12 col-lg-6\">\n<div class=\"dg-form-element-wrapper\">\n<span class=\"wpcf7-form-control-wrap\" data-name=\"kentta-nimi\"><input size=\"40\" maxlength=\"400\" class=\"wpcf7-form-control wpcf7-text wpcf7-validates-as-required\" aria-required=\"true\" aria-invalid=\"false\" placeholder=\"Name *\" value=\"\" type=\"text\" name=\"kentta-nimi\" \/><\/span>\n<\/div>\n<\/div><!-- \/.col -->\n<div class=\"col-12 col-lg-6\">\n<div class=\"dg-form-element-wrapper\">\n<span class=\"wpcf7-form-control-wrap\" data-name=\"kentta-yritys\"><input size=\"40\" maxlength=\"400\" class=\"wpcf7-form-control wpcf7-text\" aria-invalid=\"false\" placeholder=\"Company\" value=\"\" type=\"text\" name=\"kentta-yritys\" \/><\/span>\n<\/div>\n<\/div><!-- \/.col -->\n<div class=\"col-12 col-lg-6\">\n<div class=\"dg-form-element-wrapper\">\n<span class=\"wpcf7-form-control-wrap\" data-name=\"kentta-sahkoposti\"><input size=\"40\" maxlength=\"400\" class=\"wpcf7-form-control wpcf7-text wpcf7-validates-as-required\" aria-required=\"true\" aria-invalid=\"false\" placeholder=\"Email*\" value=\"\" type=\"text\" name=\"kentta-sahkoposti\" \/><\/span>\n<\/div>\n<\/div><!-- \/.col -->\n<div class=\"col-12 col-lg-6\">\n<div class=\"dg-form-element-wrapper\">\n<span class=\"wpcf7-form-control-wrap\" data-name=\"kentta-puhelin\"><input size=\"40\" maxlength=\"400\" class=\"wpcf7-form-control wpcf7-text wpcf7-validates-as-required\" aria-required=\"true\" aria-invalid=\"false\" placeholder=\"Phone number*\" value=\"\" type=\"text\" name=\"kentta-puhelin\" \/><\/span>\n<\/div>\n<\/div><!-- \/.col -->\n\n<div class=\"col-12 mt-4\">\n<h3 class=\"h5 text-center\">Cruise information<\/h3>\n<\/div><!-- \/.col -->\n\n<div class=\"col-12 col-lg-12\">\n<div class=\"dg-form-element-wrapper\">\n<span class=\"wpcf7-form-control-wrap\" data-name=\"tapahtuman-tyyppi\"><select class=\"wpcf7-form-control wpcf7-select wpcf7-validates-as-required select-css\" aria-required=\"true\" aria-invalid=\"false\" name=\"tapahtuman-tyyppi\"><option value=\"\">Event type<\/option><option value=\"Private event\">Private event<\/option><option value=\"Business event\">Business event<\/option><\/select><\/span>\n<\/div>\n<\/div><!-- \/.col -->\n<div class=\"col-12 col-lg-6\">\n<div class=\"dg-form-element-wrapper\">\n<span class=\"wpcf7-form-control-wrap\" data-name=\"kentta-ajankohta\"><input size=\"40\" maxlength=\"400\" class=\"wpcf7-form-control wpcf7-text\" aria-invalid=\"false\" placeholder=\"Date\" value=\"\" type=\"text\" name=\"kentta-ajankohta\" \/><\/span>\n<\/div>\n<\/div><!-- \/.col -->\n\n<div class=\"col-12 col-lg-6\">\n<div class=\"dg-form-element-wrapper\">\n<span class=\"wpcf7-form-control-wrap\" data-name=\"kentta-kesto\"><input size=\"40\" maxlength=\"400\" class=\"wpcf7-form-control wpcf7-text\" aria-invalid=\"false\" placeholder=\"Duration\" value=\"\" type=\"text\" name=\"kentta-kesto\" \/><\/span>\n<\/div>\n<\/div><!-- \/.col -->\n\n<div class=\"col-12 col-lg-6\">\n<div class=\"dg-form-element-wrapper\">\n<span class=\"wpcf7-form-control-wrap\" data-name=\"kentta-ryhman-koko\"><input size=\"40\" maxlength=\"400\" class=\"wpcf7-form-control wpcf7-text\" aria-invalid=\"false\" placeholder=\"Group size\" value=\"\" type=\"text\" name=\"kentta-ryhman-koko\" \/><\/span>\n<\/div>\n<\/div><!-- \/.col -->\n\n<div class=\"col-12 col-lg-6\">\n<div class=\"dg-form-element-wrapper\">\n<span class=\"wpcf7-form-control-wrap\" data-name=\"kentta-reittitoive\"><input size=\"40\" maxlength=\"400\" class=\"wpcf7-form-control wpcf7-text\" aria-invalid=\"false\" placeholder=\"Route request\" value=\"\" type=\"text\" name=\"kentta-reittitoive\" \/><\/span>\n<\/div>\n<\/div><!-- \/.col -->\n\n<div class=\"col-12 col-lg-6\">\n<div class=\"dg-form-element-wrapper\">\n<span class=\"wpcf7-form-control-wrap\" data-name=\"kentta-budjetti\"><input size=\"40\" maxlength=\"400\" class=\"wpcf7-form-control wpcf7-text\" aria-invalid=\"false\" placeholder=\"Budget\" value=\"\" type=\"text\" name=\"kentta-budjetti\" \/><\/span>\n<\/div>\n<\/div><!-- \/.col -->\n\n<div class=\"col-12 col-lg-6\">\n<div class=\"dg-form-element-wrapper\">\n<span class=\"wpcf7-form-control-wrap\" data-name=\"kentta-toivottu-laiva\"><input size=\"40\" maxlength=\"400\" class=\"wpcf7-form-control wpcf7-text\" aria-invalid=\"false\" placeholder=\"Preferred ship\" value=\"\" type=\"text\" name=\"kentta-toivottu-laiva\" \/><\/span>\n<\/div>\n<\/div><!-- \/.col -->\n\n<div class=\"col-12\">\n<div class=\"dg-form-element-wrapper py-3\">\n<span class=\"wpcf7-form-control-wrap\" data-name=\"valinta-risteilyn-ominaisuudet\"><span class=\"wpcf7-form-control wpcf7-checkbox\"><span class=\"wpcf7-list-item first\"><input type=\"checkbox\" name=\"valinta-risteilyn-ominaisuudet[]\" value=\"Ooppera\" \/><span class=\"wpcf7-list-item-label\">Ooppera<\/span><\/span><span class=\"wpcf7-list-item\"><input type=\"checkbox\" name=\"valinta-risteilyn-ominaisuudet[]\" value=\"Dinner\" \/><span class=\"wpcf7-list-item-label\">Dinner<\/span><\/span><span class=\"wpcf7-list-item\"><input type=\"checkbox\" name=\"valinta-risteilyn-ominaisuudet[]\" value=\"Artist\" \/><span class=\"wpcf7-list-item-label\">Artist<\/span><\/span><span class=\"wpcf7-list-item\"><input type=\"checkbox\" name=\"valinta-risteilyn-ominaisuudet[]\" value=\"Scenery\" \/><span class=\"wpcf7-list-item-label\">Scenery<\/span><\/span><span class=\"wpcf7-list-item\"><input type=\"checkbox\" name=\"valinta-risteilyn-ominaisuudet[]\" value=\"Fishing\" \/><span class=\"wpcf7-list-item-label\">Fishing<\/span><\/span><span class=\"wpcf7-list-item last\"><input type=\"checkbox\" name=\"valinta-risteilyn-ominaisuudet[]\" value=\"Art\" \/><span class=\"wpcf7-list-item-label\">Art<\/span><\/span><\/span><\/span>\n<\/div>\n<\/div><!-- \/.col -->\n\n<div class=\"col-12\">\n<div class=\"dg-form-element-wrapper\">\n<span class=\"wpcf7-form-control-wrap\" data-name=\"kentta-viesti\"><textarea cols=\"40\" rows=\"10\" maxlength=\"2000\" class=\"wpcf7-form-control wpcf7-textarea\" aria-invalid=\"false\" placeholder=\"Message\" name=\"kentta-viesti\"><\/textarea><\/span>\n<\/div>\n<\/div><!-- \/.col -->\n\n<div class=\"col-12 mb-2 text-center\">\n<div class=\"dg-form-element-wrapper\">\n<span class=\"wpcf7-form-control-wrap\" data-name=\"acceptance-950\"><span class=\"wpcf7-form-control wpcf7-acceptance\"><span class=\"wpcf7-list-item\"><input type=\"checkbox\" name=\"acceptance-950\" value=\"1\" class=\"mt-4\" aria-invalid=\"false\" \/><\/span><\/span><\/span> By sending you accept our <a href=\"\/en\/privacy-policy\/\" target=\"_blank\">privacy policy<\/a>.\n<\/div>\n<\/div>\n\n<\/div><!-- \/.row -->\n<div class=\"mt-3\">\n<input class=\"wpcf7-form-control wpcf7-submit has-spinner\" type=\"submit\" value=\"Send\" \/>\n<\/div><p style=\"display: none !important;\" class=\"akismet-fields-container\" data-prefix=\"_wpcf7_ak_\"><label>&#916;<textarea name=\"_wpcf7_ak_hp_textarea\" cols=\"45\" rows=\"8\" maxlength=\"100\"><\/textarea><\/label><input type=\"hidden\" id=\"ak_js_2\" name=\"_wpcf7_ak_js\" value=\"192\"\/><script type=\"text\/javascript\">\n\/* <![CDATA[ *\/\ndocument.getElementById( \"ak_js_2\" ).setAttribute( \"value\", ( new Date() ).getTime() );\n\/* ]]> *\/\n<\/script>\n<\/p><div class=\"wpcf7-response-output\" aria-hidden=\"true\"><\/div>\n<\/form>\n<\/div>\n\n<\/div>\n<\/div><\/div><\/div><\/div><\/div>","protected":false},"excerpt":{"rendered":"<p>Contact Us Inquiries and reservations related to order cruises and\u00a0 customization. Director, Captain Janne Leinonen +358 50 368 2287 janne.leinonen@vipcruise.info Oy Vip Cruise&#8230;<\/p>\n","protected":false},"author":2,"featured_media":0,"parent":0,"menu_order":0,"comment_status":"closed","ping_status":"closed","template":"","meta":{"footnotes":""},"class_list":["post-282","page","type-page","status-publish","hentry"],"yoast_head":"<!-- This site is optimized with the Yoast SEO plugin v27.5 - https:\/\/yoast.com\/product\/yoast-seo-wordpress\/ -->\n<title>Contact Us - VIP Cruise<\/title>\n<meta name=\"robots\" content=\"index, follow, max-snippet:-1, max-image-preview:large, max-video-preview:-1\" \/>\n<link rel=\"canonical\" href=\"https:\/\/www.vipcruise.info\/en\/contact-us\/\" \/>\n<meta property=\"og:locale\" content=\"en_US\" \/>\n<meta property=\"og:type\" content=\"article\" \/>\n<meta property=\"og:title\" content=\"Contact Us - VIP Cruise\" \/>\n<meta property=\"og:description\" content=\"Contact Us Inquiries and reservations related to order cruises and\u00a0 customization. Director, Captain Janne Leinonen +358 50 368 2287 janne.leinonen@vipcruise.info Oy Vip Cruise...\" \/>\n<meta property=\"og:url\" content=\"https:\/\/www.vipcruise.info\/en\/contact-us\/\" \/>\n<meta property=\"og:site_name\" content=\"VIP Cruise\" \/>\n<meta property=\"article:publisher\" content=\"https:\/\/www.facebook.com\/vipcruisesavonlinna\" \/>\n<meta property=\"article:modified_time\" content=\"2020-06-16T05:48:38+00:00\" \/>\n<meta property=\"og:image\" content=\"https:\/\/www.vipcruise.info\/wp-content\/uploads\/2020\/06\/laivat-1920x1037-1.jpg\" \/>\n\t<meta property=\"og:image:width\" content=\"1920\" \/>\n\t<meta property=\"og:image:height\" content=\"1037\" \/>\n\t<meta property=\"og:image:type\" content=\"image\/jpeg\" \/>\n<meta name=\"twitter:card\" content=\"summary_large_image\" \/>\n<script type=\"application\/ld+json\" class=\"yoast-schema-graph\">{\"@context\":\"https:\\\/\\\/schema.org\",\"@graph\":[{\"@type\":\"WebPage\",\"@id\":\"https:\\\/\\\/www.vipcruise.info\\\/en\\\/contact-us\\\/\",\"url\":\"https:\\\/\\\/www.vipcruise.info\\\/en\\\/contact-us\\\/\",\"name\":\"Contact Us - VIP Cruise\",\"isPartOf\":{\"@id\":\"https:\\\/\\\/www.vipcruise.info\\\/#website\"},\"datePublished\":\"2020-06-15T12:46:30+00:00\",\"dateModified\":\"2020-06-16T05:48:38+00:00\",\"breadcrumb\":{\"@id\":\"https:\\\/\\\/www.vipcruise.info\\\/en\\\/contact-us\\\/#breadcrumb\"},\"inLanguage\":\"en-US\",\"potentialAction\":[{\"@type\":\"ReadAction\",\"target\":[\"https:\\\/\\\/www.vipcruise.info\\\/en\\\/contact-us\\\/\"]}]},{\"@type\":\"BreadcrumbList\",\"@id\":\"https:\\\/\\\/www.vipcruise.info\\\/en\\\/contact-us\\\/#breadcrumb\",\"itemListElement\":[{\"@type\":\"ListItem\",\"position\":1,\"name\":\"Home\",\"item\":\"https:\\\/\\\/www.vipcruise.info\\\/en\\\/\"},{\"@type\":\"ListItem\",\"position\":2,\"name\":\"Contact Us\"}]},{\"@type\":\"WebSite\",\"@id\":\"https:\\\/\\\/www.vipcruise.info\\\/#website\",\"url\":\"https:\\\/\\\/www.vipcruise.info\\\/\",\"name\":\"VIP Cruise\",\"description\":\"Vip Cruise vie Saimaalle\",\"publisher\":{\"@id\":\"https:\\\/\\\/www.vipcruise.info\\\/#organization\"},\"potentialAction\":[{\"@type\":\"SearchAction\",\"target\":{\"@type\":\"EntryPoint\",\"urlTemplate\":\"https:\\\/\\\/www.vipcruise.info\\\/?s={search_term_string}\"},\"query-input\":{\"@type\":\"PropertyValueSpecification\",\"valueRequired\":true,\"valueName\":\"search_term_string\"}}],\"inLanguage\":\"en-US\"},{\"@type\":\"Organization\",\"@id\":\"https:\\\/\\\/www.vipcruise.info\\\/#organization\",\"name\":\"Vip Cruise\",\"url\":\"https:\\\/\\\/www.vipcruise.info\\\/\",\"logo\":{\"@type\":\"ImageObject\",\"inLanguage\":\"en-US\",\"@id\":\"https:\\\/\\\/www.vipcruise.info\\\/#\\\/schema\\\/logo\\\/image\\\/\",\"url\":\"https:\\\/\\\/www.vipcruise.info\\\/wp-content\\\/uploads\\\/2020\\\/06\\\/logo.png\",\"contentUrl\":\"https:\\\/\\\/www.vipcruise.info\\\/wp-content\\\/uploads\\\/2020\\\/06\\\/logo.png\",\"width\":1415,\"height\":1180,\"caption\":\"Vip Cruise\"},\"image\":{\"@id\":\"https:\\\/\\\/www.vipcruise.info\\\/#\\\/schema\\\/logo\\\/image\\\/\"},\"sameAs\":[\"https:\\\/\\\/www.facebook.com\\\/vipcruisesavonlinna\"]}]}<\/script>\n<!-- \/ Yoast SEO plugin. -->","yoast_head_json":{"title":"Contact Us - VIP Cruise","robots":{"index":"index","follow":"follow","max-snippet":"max-snippet:-1","max-image-preview":"max-image-preview:large","max-video-preview":"max-video-preview:-1"},"canonical":"https:\/\/www.vipcruise.info\/en\/contact-us\/","og_locale":"en_US","og_type":"article","og_title":"Contact Us - VIP Cruise","og_description":"Contact Us Inquiries and reservations related to order cruises and\u00a0 customization. Director, Captain Janne Leinonen +358 50 368 2287 janne.leinonen@vipcruise.info Oy Vip Cruise...","og_url":"https:\/\/www.vipcruise.info\/en\/contact-us\/","og_site_name":"VIP Cruise","article_publisher":"https:\/\/www.facebook.com\/vipcruisesavonlinna","article_modified_time":"2020-06-16T05:48:38+00:00","og_image":[{"width":1920,"height":1037,"url":"https:\/\/www.vipcruise.info\/wp-content\/uploads\/2020\/06\/laivat-1920x1037-1.jpg","type":"image\/jpeg"}],"twitter_card":"summary_large_image","schema":{"@context":"https:\/\/schema.org","@graph":[{"@type":"WebPage","@id":"https:\/\/www.vipcruise.info\/en\/contact-us\/","url":"https:\/\/www.vipcruise.info\/en\/contact-us\/","name":"Contact Us - VIP Cruise","isPartOf":{"@id":"https:\/\/www.vipcruise.info\/#website"},"datePublished":"2020-06-15T12:46:30+00:00","dateModified":"2020-06-16T05:48:38+00:00","breadcrumb":{"@id":"https:\/\/www.vipcruise.info\/en\/contact-us\/#breadcrumb"},"inLanguage":"en-US","potentialAction":[{"@type":"ReadAction","target":["https:\/\/www.vipcruise.info\/en\/contact-us\/"]}]},{"@type":"BreadcrumbList","@id":"https:\/\/www.vipcruise.info\/en\/contact-us\/#breadcrumb","itemListElement":[{"@type":"ListItem","position":1,"name":"Home","item":"https:\/\/www.vipcruise.info\/en\/"},{"@type":"ListItem","position":2,"name":"Contact Us"}]},{"@type":"WebSite","@id":"https:\/\/www.vipcruise.info\/#website","url":"https:\/\/www.vipcruise.info\/","name":"VIP Cruise","description":"Vip Cruise vie Saimaalle","publisher":{"@id":"https:\/\/www.vipcruise.info\/#organization"},"potentialAction":[{"@type":"SearchAction","target":{"@type":"EntryPoint","urlTemplate":"https:\/\/www.vipcruise.info\/?s={search_term_string}"},"query-input":{"@type":"PropertyValueSpecification","valueRequired":true,"valueName":"search_term_string"}}],"inLanguage":"en-US"},{"@type":"Organization","@id":"https:\/\/www.vipcruise.info\/#organization","name":"Vip Cruise","url":"https:\/\/www.vipcruise.info\/","logo":{"@type":"ImageObject","inLanguage":"en-US","@id":"https:\/\/www.vipcruise.info\/#\/schema\/logo\/image\/","url":"https:\/\/www.vipcruise.info\/wp-content\/uploads\/2020\/06\/logo.png","contentUrl":"https:\/\/www.vipcruise.info\/wp-content\/uploads\/2020\/06\/logo.png","width":1415,"height":1180,"caption":"Vip Cruise"},"image":{"@id":"https:\/\/www.vipcruise.info\/#\/schema\/logo\/image\/"},"sameAs":["https:\/\/www.facebook.com\/vipcruisesavonlinna"]}]}},"_links":{"self":[{"href":"https:\/\/www.vipcruise.info\/en\/wp-json\/wp\/v2\/pages\/282","targetHints":{"allow":["GET"]}}],"collection":[{"href":"https:\/\/www.vipcruise.info\/en\/wp-json\/wp\/v2\/pages"}],"about":[{"href":"https:\/\/www.vipcruise.info\/en\/wp-json\/wp\/v2\/types\/page"}],"author":[{"embeddable":true,"href":"https:\/\/www.vipcruise.info\/en\/wp-json\/wp\/v2\/users\/2"}],"replies":[{"embeddable":true,"href":"https:\/\/www.vipcruise.info\/en\/wp-json\/wp\/v2\/comments?post=282"}],"version-history":[{"count":7,"href":"https:\/\/www.vipcruise.info\/en\/wp-json\/wp\/v2\/pages\/282\/revisions"}],"predecessor-version":[{"id":361,"href":"https:\/\/www.vipcruise.info\/en\/wp-json\/wp\/v2\/pages\/282\/revisions\/361"}],"wp:attachment":[{"href":"https:\/\/www.vipcruise.info\/en\/wp-json\/wp\/v2\/media?parent=282"}],"curies":[{"name":"wp","href":"https:\/\/api.w.org\/{rel}","templated":true}]}}