{"id":279,"date":"2020-06-15T15:27:42","date_gmt":"2020-06-15T12:27:42","guid":{"rendered":"http:\/\/www.vipcruise.info\/?page_id=279"},"modified":"2024-04-17T07:42:59","modified_gmt":"2024-04-17T04:42:59","slug":"menus","status":"publish","type":"page","link":"https:\/\/www.vipcruise.info\/en\/menus\/","title":{"rendered":"Menus"},"content":{"rendered":"<h1 class=\"bottom-image\" style=\"text-align: center;\">Menus<\/h1>\n<h2>Buffet \u00e1 la Steamship<\/h2>\n<p>Hot-smoked salmon and new potatoes\u00a0M,G<br \/>\nMarinated smoked vendaceM,G<br \/>\nSmoked salmon &amp; cream cheese rouladeL,G<br \/>\nRye bread croutons\u00a0L<\/p>\n<p>***<\/p>\n<p>Prawn Caesar salad\u00a0L<br \/>\nSpianata Romana Salami, mustard seeds and sweety drop peppersM,G<br \/>\nFruity mozzarella salad and basil oil\u00a0VL,G<br \/>\nPickled vegetables\u00a0M,G<br \/>\nPear tomatoes\u00a0M,G<br \/>\nSeasonal green salad\u00a0M,G<br \/>\nHoney-roasted sunflower seeds\u00a0L,G<\/p>\n<p>***<\/p>\n<p>Slow-roasted lamb entrec\u00f4te, rosemary sauce\u00a0L,G<br \/>\nVegetables au gratin<\/p>\n<p>***<\/p>\n<p>Cheese selection\u00a0L,G<\/p>\n<p>***<\/p>\n<p>Ship\u2019s bread with butter and herb cream cheese\u00a0L<\/p>\n<p>***<\/p>\n<p>Ship\u2019s berry pie and vanilla sauce\u00a0L<br \/>\nCoffee, tea<\/p>\n<p><strong>Price \u20ac 59 \/ person<br \/>\n<\/strong><\/p>\n<h2>Buffet \u00e1 la Quo Vadis<\/h2>\n<p>Gravlax, basil mayonnaise and new potatoes\u00a0L,G<br \/>\nMarinated smoked vendace M,G<br \/>\nSpianata Romana Salami, mustard seeds and sweety drop peppers M,G<br \/>\nFruity mozzarella salad\u00a0VL,G<\/p>\n<p>***<\/p>\n<p>Slow-roasted beef brisket, rosemary sauce\u00a0L,G<br \/>\nVegetables au gratin<\/p>\n<p>***<\/p>\n<p>Ship\u2019s bread with butter and herb cream cheese\u00a0L,G<\/p>\n<p>***<\/p>\n<p>Ship\u2019s berry pie and vanilla sauce\u00a0L<br \/>\nCoffee, tea<\/p>\n<p><strong>Price \u20ac 47 \/ person<br \/>\n<\/strong><\/p>\n<h2>Saimaa Tapas<\/h2>\n<p>Hot-smoked salmon and basil mayonnaise\u00a0L,G<br \/>\nMarinated smoked vendaceM,G<br \/>\nParma ham and cantaloupe melon M,G<br \/>\nMarinated olives\u00a0M,G<br \/>\nParmesan cheese\u00a0L,G<br \/>\nMidget gherkins and honey\u00a0M,G<br \/>\nTomato &amp; mozzarella sticks and herb oil\u00a0VL,G<\/p>\n<p>***<\/p>\n<p>Ship\u2019s bread with butter and herb cream cheese\u00a0L,G<\/p>\n<p>***<\/p>\n<p>Ship\u2019s berry pie and vanilla sauce\u00a0L<br \/>\nCoffee, tea<\/p>\n<p><strong>Price \u20ac 39 \/ person<br \/>\n<\/strong><\/p>\n<h2>Saimaa \u00e1 La Carte<\/h2>\n<p><strong>Smoked salmon tartar\u00a0L<\/strong><br \/>\nSaffron mayonnaise, herb salad, rainbow trout roe, rye malt loaf and red onion.<\/p>\n<p><strong>Slow-roasted beef brisket L,G<\/strong><br \/>\nRed wine gravy, root vegetable pur\u00e9e, roasted new potatoes.<\/p>\n<p><strong>Mustikkar\u00e4tt\u00e4n\u00e4\u00e4 L<\/strong><br \/>\nRaspberry sauce, whipped vanilla sauce and roasted white chocolate.<\/p>\n<p>Coffee, tea<\/p>\n<p><strong>Price \u20ac 67 \/ person<br \/>\n<\/strong><\/p>\n<h2>S\/S Paul Wahl \u00e1la carte<\/h2>\n<p><strong>False morel &amp; smoked cheese soup\u00a0L<\/strong><br \/>\nRye malt loaf croutons.<\/p>\n<p><strong>Smoked salmon tartar\u00a0L,G<\/strong><br \/>\nSaffron mayonnaise, herb salad, rainbow trout roe, bread and red onion.<\/p>\n<p><strong>Pan-fried pike-perch\u00a0L,G<\/strong><br \/>\nChanterelle sauce, root vegetable pur\u00e9e and seasonal vegetables.<\/p>\n<p><strong>Slow-roasted lamb entrec\u00f4te\u00a0L,G<\/strong><br \/>\nRosemary sauce, spring greens braised in sour cream, seasonal vegetables, bacon and grilled garlic cloves.<\/p>\n<p><strong>Chocolate cake\u00a0L,G<br \/>\n<\/strong>Raspberry sauce, whipped vanilla sauce and roasted white chocolate.<\/p>\n<p>Coffee, tea<\/p>\n<p><strong>Price \u20ac 89 \u20ac \/ person<br \/>\n<\/strong><\/p>\n<h2>Pan-fried vendace (buffet)<\/h2>\n<p>Seasonal salad\u00a0M,G<br \/>\nPan-fried vendace, stuffed baked potatoes\u00a0L<br \/>\nShip\u2019s bread with butter and herb cream cheese\u00a0L<br \/>\nShip\u2019s berry pie and vanilla sauce\u00a0L<br \/>\nCoffee, tea<strong><br \/>\n<\/strong><\/p>\n<p><strong>Price \u20ac 32,50 \u20ac \/ person<br \/>\n<\/strong><\/p>\n<h2>Steamship\u2019s salmon soup<\/h2>\n<p>Seasonal salad\u00a0M,G<br \/>\nShip\u2019s bread with butter and herb cream cheese\u00a0L<br \/>\nShip\u2019s berry pie and vanilla sauce\u00a0L<br \/>\nCoffee, tea<\/p>\n<p><strong>Price \u20ac 28,50\/ person<br \/>\n<\/strong><\/p>\n<h2>Potato bakes<\/h2>\n<p>Potato bake with ham, smoked reindeer, chicken or salmon\u00a0L,G<br \/>\nShip\u2019s bread with butter and herb cream cheese\u00a0L<br \/>\nShip\u2019s berry pie and vanilla sauce\u00a0L<br \/>\nCoffee, tea<\/p>\n<p><strong>Price \u20ac 28,50 \/ person<\/strong><\/p>\n","protected":false},"excerpt":{"rendered":"<p>Menus Buffet \u00e1 la Steamship Hot-smoked salmon and new potatoes\u00a0M,G Marinated smoked vendaceM,G Smoked salmon &amp; cream cheese rouladeL,G Rye bread croutons\u00a0L ***&#8230;<\/p>\n","protected":false},"author":2,"featured_media":482,"parent":0,"menu_order":0,"comment_status":"closed","ping_status":"closed","template":"","meta":{"footnotes":""},"class_list":["post-279","page","type-page","status-publish","has-post-thumbnail","hentry"],"yoast_head":"<!-- This site is optimized with the Yoast SEO plugin v27.5 - https:\/\/yoast.com\/product\/yoast-seo-wordpress\/ -->\n<title>Menus - VIP Cruise<\/title>\n<meta name=\"robots\" content=\"index, follow, max-snippet:-1, max-image-preview:large, max-video-preview:-1\" \/>\n<link rel=\"canonical\" href=\"https:\/\/www.vipcruise.info\/en\/menus\/\" \/>\n<meta property=\"og:locale\" content=\"en_US\" \/>\n<meta property=\"og:type\" content=\"article\" \/>\n<meta property=\"og:title\" content=\"Menus - VIP Cruise\" \/>\n<meta property=\"og:description\" content=\"Menus Buffet \u00e1 la Steamship Hot-smoked salmon and new potatoes\u00a0M,G Marinated smoked vendaceM,G Smoked salmon &amp; cream cheese rouladeL,G Rye bread croutons\u00a0L ***...\" \/>\n<meta property=\"og:url\" content=\"https:\/\/www.vipcruise.info\/en\/menus\/\" \/>\n<meta property=\"og:site_name\" content=\"VIP Cruise\" \/>\n<meta property=\"article:publisher\" content=\"https:\/\/www.facebook.com\/vipcruisesavonlinna\" \/>\n<meta property=\"article:modified_time\" content=\"2024-04-17T04:42:59+00:00\" \/>\n<meta property=\"og:image\" content=\"https:\/\/www.vipcruise.info\/wp-content\/uploads\/2020\/08\/Vip-Cruise-16.jpg\" \/>\n\t<meta property=\"og:image:width\" content=\"2048\" \/>\n\t<meta property=\"og:image:height\" content=\"1366\" \/>\n\t<meta property=\"og:image:type\" content=\"image\/jpeg\" \/>\n<meta name=\"twitter:card\" content=\"summary_large_image\" \/>\n<meta name=\"twitter:label1\" content=\"Est. reading time\" \/>\n\t<meta name=\"twitter:data1\" content=\"4 minutes\" \/>\n<script type=\"application\/ld+json\" class=\"yoast-schema-graph\">{\"@context\":\"https:\\\/\\\/schema.org\",\"@graph\":[{\"@type\":\"WebPage\",\"@id\":\"https:\\\/\\\/www.vipcruise.info\\\/en\\\/menus\\\/\",\"url\":\"https:\\\/\\\/www.vipcruise.info\\\/en\\\/menus\\\/\",\"name\":\"Menus - VIP Cruise\",\"isPartOf\":{\"@id\":\"https:\\\/\\\/www.vipcruise.info\\\/#website\"},\"primaryImageOfPage\":{\"@id\":\"https:\\\/\\\/www.vipcruise.info\\\/en\\\/menus\\\/#primaryimage\"},\"image\":{\"@id\":\"https:\\\/\\\/www.vipcruise.info\\\/en\\\/menus\\\/#primaryimage\"},\"thumbnailUrl\":\"https:\\\/\\\/www.vipcruise.info\\\/wp-content\\\/uploads\\\/2020\\\/08\\\/Vip-Cruise-16.jpg\",\"datePublished\":\"2020-06-15T12:27:42+00:00\",\"dateModified\":\"2024-04-17T04:42:59+00:00\",\"breadcrumb\":{\"@id\":\"https:\\\/\\\/www.vipcruise.info\\\/en\\\/menus\\\/#breadcrumb\"},\"inLanguage\":\"en-US\",\"potentialAction\":[{\"@type\":\"ReadAction\",\"target\":[\"https:\\\/\\\/www.vipcruise.info\\\/en\\\/menus\\\/\"]}]},{\"@type\":\"ImageObject\",\"inLanguage\":\"en-US\",\"@id\":\"https:\\\/\\\/www.vipcruise.info\\\/en\\\/menus\\\/#primaryimage\",\"url\":\"https:\\\/\\\/www.vipcruise.info\\\/wp-content\\\/uploads\\\/2020\\\/08\\\/Vip-Cruise-16.jpg\",\"contentUrl\":\"https:\\\/\\\/www.vipcruise.info\\\/wp-content\\\/uploads\\\/2020\\\/08\\\/Vip-Cruise-16.jpg\",\"width\":2048,\"height\":1366},{\"@type\":\"BreadcrumbList\",\"@id\":\"https:\\\/\\\/www.vipcruise.info\\\/en\\\/menus\\\/#breadcrumb\",\"itemListElement\":[{\"@type\":\"ListItem\",\"position\":1,\"name\":\"Home\",\"item\":\"https:\\\/\\\/www.vipcruise.info\\\/en\\\/\"},{\"@type\":\"ListItem\",\"position\":2,\"name\":\"Menus\"}]},{\"@type\":\"WebSite\",\"@id\":\"https:\\\/\\\/www.vipcruise.info\\\/#website\",\"url\":\"https:\\\/\\\/www.vipcruise.info\\\/\",\"name\":\"VIP Cruise\",\"description\":\"Vip Cruise vie Saimaalle\",\"publisher\":{\"@id\":\"https:\\\/\\\/www.vipcruise.info\\\/#organization\"},\"potentialAction\":[{\"@type\":\"SearchAction\",\"target\":{\"@type\":\"EntryPoint\",\"urlTemplate\":\"https:\\\/\\\/www.vipcruise.info\\\/?s={search_term_string}\"},\"query-input\":{\"@type\":\"PropertyValueSpecification\",\"valueRequired\":true,\"valueName\":\"search_term_string\"}}],\"inLanguage\":\"en-US\"},{\"@type\":\"Organization\",\"@id\":\"https:\\\/\\\/www.vipcruise.info\\\/#organization\",\"name\":\"Vip Cruise\",\"url\":\"https:\\\/\\\/www.vipcruise.info\\\/\",\"logo\":{\"@type\":\"ImageObject\",\"inLanguage\":\"en-US\",\"@id\":\"https:\\\/\\\/www.vipcruise.info\\\/#\\\/schema\\\/logo\\\/image\\\/\",\"url\":\"https:\\\/\\\/www.vipcruise.info\\\/wp-content\\\/uploads\\\/2020\\\/06\\\/logo.png\",\"contentUrl\":\"https:\\\/\\\/www.vipcruise.info\\\/wp-content\\\/uploads\\\/2020\\\/06\\\/logo.png\",\"width\":1415,\"height\":1180,\"caption\":\"Vip Cruise\"},\"image\":{\"@id\":\"https:\\\/\\\/www.vipcruise.info\\\/#\\\/schema\\\/logo\\\/image\\\/\"},\"sameAs\":[\"https:\\\/\\\/www.facebook.com\\\/vipcruisesavonlinna\"]}]}<\/script>\n<!-- \/ Yoast SEO plugin. -->","yoast_head_json":{"title":"Menus - VIP Cruise","robots":{"index":"index","follow":"follow","max-snippet":"max-snippet:-1","max-image-preview":"max-image-preview:large","max-video-preview":"max-video-preview:-1"},"canonical":"https:\/\/www.vipcruise.info\/en\/menus\/","og_locale":"en_US","og_type":"article","og_title":"Menus - VIP Cruise","og_description":"Menus Buffet \u00e1 la Steamship Hot-smoked salmon and new potatoes\u00a0M,G Marinated smoked vendaceM,G Smoked salmon &amp; cream cheese rouladeL,G Rye bread croutons\u00a0L ***...","og_url":"https:\/\/www.vipcruise.info\/en\/menus\/","og_site_name":"VIP Cruise","article_publisher":"https:\/\/www.facebook.com\/vipcruisesavonlinna","article_modified_time":"2024-04-17T04:42:59+00:00","og_image":[{"width":2048,"height":1366,"url":"https:\/\/www.vipcruise.info\/wp-content\/uploads\/2020\/08\/Vip-Cruise-16.jpg","type":"image\/jpeg"}],"twitter_card":"summary_large_image","twitter_misc":{"Est. reading time":"4 minutes"},"schema":{"@context":"https:\/\/schema.org","@graph":[{"@type":"WebPage","@id":"https:\/\/www.vipcruise.info\/en\/menus\/","url":"https:\/\/www.vipcruise.info\/en\/menus\/","name":"Menus - VIP Cruise","isPartOf":{"@id":"https:\/\/www.vipcruise.info\/#website"},"primaryImageOfPage":{"@id":"https:\/\/www.vipcruise.info\/en\/menus\/#primaryimage"},"image":{"@id":"https:\/\/www.vipcruise.info\/en\/menus\/#primaryimage"},"thumbnailUrl":"https:\/\/www.vipcruise.info\/wp-content\/uploads\/2020\/08\/Vip-Cruise-16.jpg","datePublished":"2020-06-15T12:27:42+00:00","dateModified":"2024-04-17T04:42:59+00:00","breadcrumb":{"@id":"https:\/\/www.vipcruise.info\/en\/menus\/#breadcrumb"},"inLanguage":"en-US","potentialAction":[{"@type":"ReadAction","target":["https:\/\/www.vipcruise.info\/en\/menus\/"]}]},{"@type":"ImageObject","inLanguage":"en-US","@id":"https:\/\/www.vipcruise.info\/en\/menus\/#primaryimage","url":"https:\/\/www.vipcruise.info\/wp-content\/uploads\/2020\/08\/Vip-Cruise-16.jpg","contentUrl":"https:\/\/www.vipcruise.info\/wp-content\/uploads\/2020\/08\/Vip-Cruise-16.jpg","width":2048,"height":1366},{"@type":"BreadcrumbList","@id":"https:\/\/www.vipcruise.info\/en\/menus\/#breadcrumb","itemListElement":[{"@type":"ListItem","position":1,"name":"Home","item":"https:\/\/www.vipcruise.info\/en\/"},{"@type":"ListItem","position":2,"name":"Menus"}]},{"@type":"WebSite","@id":"https:\/\/www.vipcruise.info\/#website","url":"https:\/\/www.vipcruise.info\/","name":"VIP Cruise","description":"Vip Cruise vie Saimaalle","publisher":{"@id":"https:\/\/www.vipcruise.info\/#organization"},"potentialAction":[{"@type":"SearchAction","target":{"@type":"EntryPoint","urlTemplate":"https:\/\/www.vipcruise.info\/?s={search_term_string}"},"query-input":{"@type":"PropertyValueSpecification","valueRequired":true,"valueName":"search_term_string"}}],"inLanguage":"en-US"},{"@type":"Organization","@id":"https:\/\/www.vipcruise.info\/#organization","name":"Vip Cruise","url":"https:\/\/www.vipcruise.info\/","logo":{"@type":"ImageObject","inLanguage":"en-US","@id":"https:\/\/www.vipcruise.info\/#\/schema\/logo\/image\/","url":"https:\/\/www.vipcruise.info\/wp-content\/uploads\/2020\/06\/logo.png","contentUrl":"https:\/\/www.vipcruise.info\/wp-content\/uploads\/2020\/06\/logo.png","width":1415,"height":1180,"caption":"Vip Cruise"},"image":{"@id":"https:\/\/www.vipcruise.info\/#\/schema\/logo\/image\/"},"sameAs":["https:\/\/www.facebook.com\/vipcruisesavonlinna"]}]}},"_links":{"self":[{"href":"https:\/\/www.vipcruise.info\/en\/wp-json\/wp\/v2\/pages\/279","targetHints":{"allow":["GET"]}}],"collection":[{"href":"https:\/\/www.vipcruise.info\/en\/wp-json\/wp\/v2\/pages"}],"about":[{"href":"https:\/\/www.vipcruise.info\/en\/wp-json\/wp\/v2\/types\/page"}],"author":[{"embeddable":true,"href":"https:\/\/www.vipcruise.info\/en\/wp-json\/wp\/v2\/users\/2"}],"replies":[{"embeddable":true,"href":"https:\/\/www.vipcruise.info\/en\/wp-json\/wp\/v2\/comments?post=279"}],"version-history":[{"count":2,"href":"https:\/\/www.vipcruise.info\/en\/wp-json\/wp\/v2\/pages\/279\/revisions"}],"predecessor-version":[{"id":2099,"href":"https:\/\/www.vipcruise.info\/en\/wp-json\/wp\/v2\/pages\/279\/revisions\/2099"}],"wp:featuredmedia":[{"embeddable":true,"href":"https:\/\/www.vipcruise.info\/en\/wp-json\/wp\/v2\/media\/482"}],"wp:attachment":[{"href":"https:\/\/www.vipcruise.info\/en\/wp-json\/wp\/v2\/media?parent=279"}],"curies":[{"name":"wp","href":"https:\/\/api.w.org\/{rel}","templated":true}]}}